{"id":549,"date":"2025-08-26T04:52:43","date_gmt":"2025-08-26T04:52:43","guid":{"rendered":"https:\/\/arrendaclick.mx\/?page_id=549"},"modified":"2025-08-26T06:35:39","modified_gmt":"2025-08-26T06:35:39","slug":"beneficios-arrendamiento-puro","status":"publish","type":"page","link":"https:\/\/arrendaclick.mx\/index.php\/beneficios-arrendamiento-puro\/","title":{"rendered":"Beneficios Arrendamiento Puro"},"content":{"rendered":"<p>[et_pb_section fb_built=\u00bb1&#8243; admin_label=\u00bbFeatures\u00bb _builder_version=\u00bb4.27.4&#8243; _module_preset=\u00bbdefault\u00bb background_enable_video_mp4=\u00bboff\u00bb locked=\u00bboff\u00bb collapsed=\u00bbon\u00bb global_colors_info=\u00bb{}\u00bb][et_pb_row _builder_version=\u00bb4.16.0&#8243; _module_preset=\u00bbdefault\u00bb global_colors_info=\u00bb{}\u00bb][et_pb_column type=\u00bb4_4&#8243; _builder_version=\u00bb4.16.0&#8243; _module_preset=\u00bbdefault\u00bb global_colors_info=\u00bb{}\u00bb][et_pb_text _builder_version=\u00bb4.27.4&#8243; _module_preset=\u00bb94fa2ee4-6b60-4d0b-b837-7f0ceae12b87&#8243; header_font=\u00bbMontserrat|700|||||||\u00bb header_text_color=\u00bb#0F1154&#8243; header_font_size=\u00bb125px\u00bb header_line_height=\u00bb110%\u00bb custom_padding=\u00bb|10%|||false|false\u00bb text_font_size_tablet=\u00bb\u00bb text_font_size_phone=\u00bb14px\u00bb text_font_size_last_edited=\u00bbon|phone\u00bb header_font_size_tablet=\u00bb40px\u00bb header_font_size_phone=\u00bb50px\u00bb header_font_size_last_edited=\u00bbon|tablet\u00bb header_2_font_size_tablet=\u00bb30px\u00bb header_2_font_size_phone=\u00bb20px\u00bb header_2_font_size_last_edited=\u00bboff|desktop\u00bb global_colors_info=\u00bb{}\u00bb]<\/p>\n<h1>Ventajas<\/h1>\n<p>[\/et_pb_text][et_pb_text _builder_version=\u00bb4.27.4&#8243; _module_preset=\u00bbc7c498d6-db77-4021-bb40-6d07e13d832c\u00bb header_3_font=\u00bbMontserrat|700|||||||\u00bb header_3_text_color=\u00bb#0F1154&#8243; header_3_font_size=\u00bb40px\u00bb header_3_line_height=\u00bb1.3em\u00bb custom_padding=\u00bb|10%|||false|false\u00bb header_3_font_size_tablet=\u00bb20px\u00bb header_3_font_size_phone=\u00bb20px\u00bb header_3_font_size_last_edited=\u00bbon|tablet\u00bb global_colors_info=\u00bb{}\u00bb]<\/p>\n<h3>Reales para tu empresa<\/h3>\n<p>[\/et_pb_text][\/et_pb_column][\/et_pb_row][et_pb_row column_structure=\u00bb1_3,1_3,1_3&#8243; make_equal=\u00bbon\u00bb _builder_version=\u00bb4.27.4&#8243; _module_preset=\u00bbdefault\u00bb global_colors_info=\u00bb{}\u00bb][et_pb_column type=\u00bb1_3&#8243; _builder_version=\u00bb4.16.0&#8243; _module_preset=\u00bbdefault\u00bb background_color=\u00bbrgba(29,78,255,0.1)\u00bb custom_padding=\u00bb60px|30px|60px|30px|true|true\u00bb custom_padding_tablet=\u00bb60px|30px|60px|30px|true|true\u00bb custom_padding_phone=\u00bb|20px||20px|true|true\u00bb custom_padding_last_edited=\u00bbon|phone\u00bb link_option_url=\u00bb#\u00bb global_colors_info=\u00bb{}\u00bb][et_pb_icon font_icon=\u00bb&#xf571;||fa||900&#8243; icon_color=\u00bb#1D4EFF\u00bb icon_width=\u00bb46px\u00bb _builder_version=\u00bb4.27.4&#8243; _module_preset=\u00bbdefault\u00bb locked=\u00bboff\u00bb global_colors_info=\u00bb{}\u00bb][\/et_pb_icon][et_pb_text _builder_version=\u00bb4.27.4&#8243; _module_preset=\u00bbf07e4c19-df6a-4a1c-ba9b-f1eac659f65f\u00bb header_3_font=\u00bbMontserrat|700|||||||\u00bb header_3_text_color=\u00bb#0F1154&#8243; header_3_font_size=\u00bb18px\u00bb header_3_line_height=\u00bb1.4em\u00bb text_orientation=\u00bbcenter\u00bb custom_margin=\u00bb||0px||false|false\u00bb header_3_font_size_tablet=\u00bb16px\u00bb header_3_font_size_phone=\u00bb16px\u00bb header_3_font_size_last_edited=\u00bbon|phone\u00bb locked=\u00bboff\u00bb global_colors_info=\u00bb{}\u00bb]<\/p>\n<h3>Hasta 100% deducible en impuestos<\/h3>\n<p>[\/et_pb_text][\/et_pb_column][et_pb_column type=\u00bb1_3&#8243; _builder_version=\u00bb4.16.0&#8243; _module_preset=\u00bbdefault\u00bb background_color=\u00bbrgba(255,186,82,0.2)\u00bb custom_padding=\u00bb60px|30px|60px|30px|true|true\u00bb custom_padding_tablet=\u00bb60px|30px|60px|30px|true|true\u00bb custom_padding_phone=\u00bb|20px||20px|true|true\u00bb custom_padding_last_edited=\u00bbon|phone\u00bb link_option_url=\u00bb#\u00bb global_colors_info=\u00bb{}\u00bb][et_pb_icon font_icon=\u00bb&#xf478;||fa||900&#8243; icon_color=\u00bb#FFBA52&#8243; icon_width=\u00bb46px\u00bb _builder_version=\u00bb4.27.4&#8243; _module_preset=\u00bbdefault\u00bb locked=\u00bboff\u00bb global_colors_info=\u00bb{}\u00bb][\/et_pb_icon][et_pb_text _builder_version=\u00bb4.27.4&#8243; _module_preset=\u00bbf07e4c19-df6a-4a1c-ba9b-f1eac659f65f\u00bb header_3_font=\u00bbMontserrat|700|||||||\u00bb header_3_text_color=\u00bb#0F1154&#8243; header_3_font_size=\u00bb18px\u00bb header_3_line_height=\u00bb1.4em\u00bb text_orientation=\u00bbcenter\u00bb custom_margin=\u00bb||0px||false|false\u00bb header_3_font_size_tablet=\u00bb16px\u00bb header_3_font_size_phone=\u00bb16px\u00bb header_3_font_size_last_edited=\u00bbon|phone\u00bb locked=\u00bboff\u00bb global_colors_info=\u00bb{}\u00bb]<\/p>\n<h3>No se registra como pasivo en tu balance<\/h3>\n<p>[\/et_pb_text][\/et_pb_column][et_pb_column type=\u00bb1_3&#8243; _builder_version=\u00bb4.27.4&#8243; _module_preset=\u00bbdefault\u00bb background_color=\u00bbrgba(0,201,201,0.1)\u00bb custom_padding=\u00bb60px|30px|60px|30px|true|true\u00bb custom_padding_tablet=\u00bb60px|30px|60px|30px|true|true\u00bb custom_padding_phone=\u00bb|20px||20px|true|true\u00bb custom_padding_last_edited=\u00bbon|phone\u00bb link_option_url=\u00bb#\u00bb global_colors_info=\u00bb{}\u00bb][et_pb_icon font_icon=\u00bb&#xf1ad;||fa||900&#8243; icon_color=\u00bb#00C9C9&#8243; icon_width=\u00bb46px\u00bb _builder_version=\u00bb4.27.4&#8243; _module_preset=\u00bbdefault\u00bb locked=\u00bboff\u00bb global_colors_info=\u00bb{}\u00bb][\/et_pb_icon][et_pb_text _builder_version=\u00bb4.27.4&#8243; _module_preset=\u00bbf07e4c19-df6a-4a1c-ba9b-f1eac659f65f\u00bb header_3_font=\u00bbMontserrat|700|||||||\u00bb header_3_text_color=\u00bb#0F1154&#8243; header_3_font_size=\u00bb18px\u00bb header_3_line_height=\u00bb1.4em\u00bb text_orientation=\u00bbcenter\u00bb custom_margin=\u00bb||0px||false|false\u00bb header_3_font_size_tablet=\u00bb16px\u00bb header_3_font_size_phone=\u00bb16px\u00bb header_3_font_size_last_edited=\u00bbon|phone\u00bb locked=\u00bboff\u00bb global_colors_info=\u00bb{}\u00bb]<\/p>\n<h3>No descapitaliza tu empresa<\/h3>\n<p>[\/et_pb_text][\/et_pb_column][\/et_pb_row][et_pb_row column_structure=\u00bb1_3,1_3,1_3&#8243; make_equal=\u00bbon\u00bb _builder_version=\u00bb4.27.4&#8243; _module_preset=\u00bbdefault\u00bb global_colors_info=\u00bb{}\u00bb][et_pb_column type=\u00bb1_3&#8243; _builder_version=\u00bb4.16.0&#8243; _module_preset=\u00bbdefault\u00bb background_color=\u00bbrgba(255,186,82,0.2)\u00bb custom_padding=\u00bb60px|30px|60px|30px|true|true\u00bb custom_padding_tablet=\u00bb60px|30px|60px|30px|true|true\u00bb custom_padding_phone=\u00bb|20px||20px|true|true\u00bb custom_padding_last_edited=\u00bbon|phone\u00bb link_option_url=\u00bb#\u00bb global_colors_info=\u00bb{}\u00bb][et_pb_icon font_icon=\u00bb&#xe0f3;||divi||400&#8243; icon_color=\u00bb#FFBA52&#8243; icon_width=\u00bb46px\u00bb _builder_version=\u00bb4.27.4&#8243; _module_preset=\u00bbdefault\u00bb locked=\u00bboff\u00bb global_colors_info=\u00bb{}\u00bb][\/et_pb_icon][et_pb_text _builder_version=\u00bb4.27.4&#8243; _module_preset=\u00bbf07e4c19-df6a-4a1c-ba9b-f1eac659f65f\u00bb header_3_font=\u00bbMontserrat|700|||||||\u00bb header_3_text_color=\u00bb#0F1154&#8243; header_3_font_size=\u00bb18px\u00bb header_3_line_height=\u00bb1.4em\u00bb text_orientation=\u00bbcenter\u00bb custom_margin=\u00bb||0px||false|false\u00bb header_3_font_size_tablet=\u00bb16px\u00bb header_3_font_size_phone=\u00bb16px\u00bb header_3_font_size_last_edited=\u00bbon|phone\u00bb locked=\u00bboff\u00bb global_colors_info=\u00bb{}\u00bb]<\/p>\n<h3>Mejora tu flujo de efectivo<\/h3>\n<p>[\/et_pb_text][\/et_pb_column][et_pb_column type=\u00bb1_3&#8243; _builder_version=\u00bb4.27.4&#8243; _module_preset=\u00bbdefault\u00bb background_color=\u00bbrgba(0,201,201,0.1)\u00bb custom_padding=\u00bb60px|30px|60px|30px|true|true\u00bb custom_padding_tablet=\u00bb60px|30px|60px|30px|true|true\u00bb custom_padding_phone=\u00bb|20px||20px|true|true\u00bb custom_padding_last_edited=\u00bbon|phone\u00bb link_option_url=\u00bb#\u00bb global_colors_info=\u00bb{}\u00bb][et_pb_icon font_icon=\u00bb&#xe0ec;||divi||400&#8243; icon_color=\u00bb#00C9C9&#8243; icon_width=\u00bb46px\u00bb _builder_version=\u00bb4.27.4&#8243; _module_preset=\u00bbdefault\u00bb locked=\u00bboff\u00bb global_colors_info=\u00bb{}\u00bb][\/et_pb_icon][et_pb_text _builder_version=\u00bb4.27.4&#8243; _module_preset=\u00bbf07e4c19-df6a-4a1c-ba9b-f1eac659f65f\u00bb header_3_font=\u00bbMontserrat|700|||||||\u00bb header_3_text_color=\u00bb#0F1154&#8243; header_3_font_size=\u00bb18px\u00bb header_3_line_height=\u00bb1.4em\u00bb text_orientation=\u00bbcenter\u00bb custom_margin=\u00bb||0px||false|false\u00bb header_3_font_size_tablet=\u00bb16px\u00bb header_3_font_size_phone=\u00bb16px\u00bb header_3_font_size_last_edited=\u00bbon|phone\u00bb locked=\u00bboff\u00bb global_colors_info=\u00bb{}\u00bb]<\/p>\n<h3>Simplifica la planeaci\u00f3n financiera y fiscal<\/h3>\n<p>[\/et_pb_text][\/et_pb_column][et_pb_column type=\u00bb1_3&#8243; _builder_version=\u00bb4.16.0&#8243; _module_preset=\u00bbdefault\u00bb background_color=\u00bbrgba(29,78,255,0.1)\u00bb custom_padding=\u00bb60px|30px|60px|30px|true|true\u00bb custom_padding_tablet=\u00bb60px|30px|60px|30px|true|true\u00bb custom_padding_phone=\u00bb|20px||20px|true|true\u00bb custom_padding_last_edited=\u00bbon|phone\u00bb link_option_url=\u00bb#\u00bb global_colors_info=\u00bb{}\u00bb][et_pb_icon font_icon=\u00bb&#xf1b9;||fa||900&#8243; icon_color=\u00bb#1D4EFF\u00bb icon_width=\u00bb46px\u00bb _builder_version=\u00bb4.27.4&#8243; _module_preset=\u00bbdefault\u00bb locked=\u00bboff\u00bb global_colors_info=\u00bb{}\u00bb][\/et_pb_icon][et_pb_text _builder_version=\u00bb4.27.4&#8243; _module_preset=\u00bbf07e4c19-df6a-4a1c-ba9b-f1eac659f65f\u00bb header_3_font=\u00bbMontserrat|700|||||||\u00bb header_3_text_color=\u00bb#0F1154&#8243; header_3_font_size=\u00bb18px\u00bb header_3_line_height=\u00bb1.4em\u00bb text_orientation=\u00bbcenter\u00bb custom_margin=\u00bb||0px||false|false\u00bb header_3_font_size_tablet=\u00bb16px\u00bb header_3_font_size_phone=\u00bb16px\u00bb header_3_font_size_last_edited=\u00bbon|phone\u00bb locked=\u00bboff\u00bb global_colors_info=\u00bb{}\u00bb]<\/p>\n<h3>Facilita la renovaci\u00f3n tecnol\u00f3gica y vehicular<\/h3>\n<p>[\/et_pb_text][\/et_pb_column][\/et_pb_row][\/et_pb_section][et_pb_section fb_built=\u00bb1&#8243; admin_label=\u00bbCall to Action\u00bb _builder_version=\u00bb4.27.4&#8243; _module_preset=\u00bbdefault\u00bb background_color=\u00bb#24b0e7&#8243; custom_padding=\u00bb||0px||false|false\u00bb collapsed=\u00bbon\u00bb global_colors_info=\u00bb{}\u00bb][et_pb_row column_structure=\u00bb1_2,1_2&#8243; make_equal=\u00bbon\u00bb _builder_version=\u00bb4.27.4&#8243; _module_preset=\u00bbdefault\u00bb custom_padding=\u00bb0px||0px||false|false\u00bb box_shadow_style=\u00bbpreset4&#8243; box_shadow_horizontal=\u00bb40vw\u00bb box_shadow_vertical=\u00bb0px\u00bb box_shadow_color=\u00bb#FFFFFF\u00bb global_colors_info=\u00bb{}\u00bb][et_pb_column type=\u00bb1_2&#8243; _builder_version=\u00bb4.16.0&#8243; _module_preset=\u00bbdefault\u00bb custom_padding_tablet=\u00bb||40px||false|false\u00bb custom_padding_phone=\u00bb||30px||false|false\u00bb custom_padding_last_edited=\u00bbon|tablet\u00bb global_colors_info=\u00bb{}\u00bb][et_pb_text _builder_version=\u00bb4.27.4&#8243; _module_preset=\u00bb596f4725-1c36-45b8-8f21-69157f74cf89&#8243; text_font=\u00bbRoboto|500|||||||\u00bb text_text_color=\u00bb#FFFFFF\u00bb text_font_size=\u00bb18px\u00bb text_line_height=\u00bb180%\u00bb custom_padding_tablet=\u00bb|30px|||false|false\u00bb custom_padding_phone=\u00bb|30px|||false|false\u00bb custom_padding_last_edited=\u00bboff|desktop\u00bb text_font_size_tablet=\u00bb\u00bb text_font_size_phone=\u00bb16px\u00bb text_font_size_last_edited=\u00bbon|phone\u00bb global_colors_info=\u00bb{}\u00bb]<\/p>\n<p><span>El arrendamiento puro no es solo una forma de adquirir veh\u00edculos o activos. Es una estrategia inteligente para optimizar tus finanzas, crecer con orden y mantener tu operaci\u00f3n siempre actualizada.<\/span><\/p>\n<p>[\/et_pb_text][et_pb_button button_text=\u00bbCont\u00e1ctanos\u00bb _builder_version=\u00bb4.27.4&#8243; _module_preset=\u00bb21f5e4ba-18e4-407b-86f8-8a7c0d6c5692&#8243; custom_button=\u00bbon\u00bb button_text_size=\u00bb18px\u00bb button_text_color=\u00bb#000000&#8243; button_bg_color=\u00bb#FFFFFF\u00bb button_border_width=\u00bb0px\u00bb button_font=\u00bbRoboto|500|||||||\u00bb button_use_icon=\u00bboff\u00bb custom_margin=\u00bb||||false|false\u00bb custom_padding=\u00bb14px|24px|14px|24px|true|true\u00bb hover_enabled=\u00bb0&#8243; button_text_size_tablet=\u00bb\u00bb button_text_size_phone=\u00bb14px\u00bb button_text_size_last_edited=\u00bbon|phone\u00bb global_colors_info=\u00bb{}\u00bb button_url=\u00bb@ET-DC@eyJkeW5hbWljIjp0cnVlLCJjb250ZW50IjoicG9zdF9saW5rX3VybF9wYWdlIiwic2V0dGluZ3MiOnsicG9zdF9pZCI6IjU2MCJ9fQ==@\u00bb _dynamic_attributes=\u00bbbutton_url\u00bb sticky_enabled=\u00bb0&#8243;][\/et_pb_button][et_pb_image src=\u00bbhttps:\/\/arrendaclick.mx\/wp-content\/uploads\/2025\/08\/Financial-Firm-17b.jpg\u00bb title_text=\u00bbFinancial Firm 17b\u00bb _builder_version=\u00bb4.16.0&#8243; _module_preset=\u00bbdefault\u00bb position_origin_a=\u00bbbottom_left\u00bb position_origin_r=\u00bbbottom_left\u00bb position_origin_a_tablet=\u00bbbottom_left\u00bb position_origin_a_phone=\u00bbbottom_left\u00bb position_origin_a_last_edited=\u00bbon|tablet\u00bb position_origin_f_tablet=\u00bb\u00bb position_origin_f_phone=\u00bb\u00bb position_origin_f_last_edited=\u00bbon|tablet\u00bb position_origin_r_tablet=\u00bbbottom_left\u00bb position_origin_r_phone=\u00bbbottom_left\u00bb position_origin_r_last_edited=\u00bbon|tablet\u00bb positioning_tablet=\u00bbnone\u00bb positioning_phone=\u00bbnone\u00bb positioning_last_edited=\u00bbon|tablet\u00bb global_colors_info=\u00bb{}\u00bb][\/et_pb_image][\/et_pb_column][et_pb_column type=\u00bb1_2&#8243; _builder_version=\u00bb4.27.4&#8243; _module_preset=\u00bbdefault\u00bb background_image=\u00bbhttps:\/\/arrendaclick.mx\/wp-content\/uploads\/2025\/08\/beneficios_arrendamiento_financiero_arrendaclick.jpg\u00bb global_colors_info=\u00bb{}\u00bb][et_pb_divider show_divider=\u00bboff\u00bb _builder_version=\u00bb4.16.0&#8243; _module_preset=\u00bbdefault\u00bb max_height_tablet=\u00bb\u00bb max_height_phone=\u00bb\u00bb max_height_last_edited=\u00bbon|tablet\u00bb custom_padding_tablet=\u00bb60%||60%||true|false\u00bb custom_padding_phone=\u00bb60%||60%||true|false\u00bb custom_padding_last_edited=\u00bbon|tablet\u00bb global_colors_info=\u00bb{}\u00bb][\/et_pb_divider][\/et_pb_column][\/et_pb_row][\/et_pb_section][et_pb_section fb_built=\u00bb1&#8243; admin_label=\u00bbContact\u00bb _builder_version=\u00bb4.16.0&#8243; _module_preset=\u00bbdefault\u00bb use_background_color_gradient=\u00bbon\u00bb background_color_gradient_direction=\u00bb90deg\u00bb background_color_gradient_stops=\u00bb#f0f3fb 0%|#f0f3fb 50%|#ffffff 50%|#ffffff 100%\u00bb custom_padding=\u00bb||0px||false|false\u00bb background_last_edited=\u00bbon|phone\u00bb use_background_color_gradient_phone=\u00bbon\u00bb background_color_gradient_stops_phone=\u00bb#f0f3fb 0%|#f0f3fb 90%|#ffffff 90%|#ffffff 100%\u00bb saved_tabs=\u00bball\u00bb locked=\u00bboff\u00bb collapsed=\u00bboff\u00bb global_colors_info=\u00bb{}\u00bb][et_pb_row _builder_version=\u00bb4.16.0&#8243; _module_preset=\u00bbdefault\u00bb global_colors_info=\u00bb{}\u00bb][et_pb_column type=\u00bb4_4&#8243; _builder_version=\u00bb4.16.0&#8243; _module_preset=\u00bbdefault\u00bb global_colors_info=\u00bb{}\u00bb][et_pb_text _builder_version=\u00bb4.27.4&#8243; _module_preset=\u00bbf07f4ea8-9c52-4adb-92c3-6226c81c19ac\u00bb header_2_font=\u00bbMontserrat|700|||||||\u00bb header_2_text_color=\u00bb#101925&#8243; header_2_font_size=\u00bb125px\u00bb header_2_line_height=\u00bb1.1em\u00bb header_2_font_size_tablet=\u00bb30px\u00bb header_2_font_size_phone=\u00bb25px\u00bb header_2_font_size_last_edited=\u00bbon|tablet\u00bb locked=\u00bboff\u00bb global_colors_info=\u00bb{}\u00bb]<\/p>\n<h2>Cont\u00e1ctanos<\/h2>\n<p>[\/et_pb_text][\/et_pb_column][\/et_pb_row][et_pb_row column_structure=\u00bb1_2,1_2&#8243; custom_padding_last_edited=\u00bbon|desktop\u00bb _builder_version=\u00bb4.27.4&#8243; _module_preset=\u00bbdefault\u00bb background_color=\u00bb#101925&#8243; custom_margin=\u00bb3px|auto||auto|false|false\u00bb custom_padding=\u00bb50px|40px|50px|40px|true|true\u00bb custom_padding_tablet=\u00bb|30px||30px|true|true\u00bb custom_padding_phone=\u00bb|20px||20px|true|true\u00bb box_shadow_style=\u00bbpreset4&#8243; box_shadow_horizontal=\u00bb40vw\u00bb box_shadow_vertical=\u00bb0px\u00bb box_shadow_color=\u00bb#24b0e7&#8243; global_colors_info=\u00bb{}\u00bb][et_pb_column type=\u00bb1_2&#8243; _builder_version=\u00bb4.16.0&#8243; _module_preset=\u00bbdefault\u00bb global_colors_info=\u00bb{}\u00bb][et_pb_text _builder_version=\u00bb4.27.4&#8243; _module_preset=\u00bb44e52539-cead-43e5-bd57-eb8d3d608b93&#8243; header_2_font=\u00bbMontserrat|700|||||||\u00bb header_2_text_color=\u00bb#FFFFFF\u00bb header_2_font_size=\u00bb60px\u00bb header_2_line_height=\u00bb120%\u00bb header_2_font_size_tablet=\u00bb30px\u00bb header_2_font_size_phone=\u00bb20px\u00bb header_2_font_size_last_edited=\u00bbon|tablet\u00bb global_colors_info=\u00bb{}\u00bb]<\/p>\n<h2>Ll\u00e1manos o escr\u00edbenos<\/h2>\n<p>[\/et_pb_text][\/et_pb_column][et_pb_column type=\u00bb1_2&#8243; _builder_version=\u00bb4.27.4&#8243; _module_preset=\u00bbdefault\u00bb global_colors_info=\u00bb{}\u00bb][et_pb_text _builder_version=\u00bb4.27.4&#8243; _module_preset=\u00bba751df79-3e8e-4693-a7d6-736a96115ddf\u00bb text_font=\u00bbMontserrat|700|||||||\u00bb text_text_color=\u00bb#FFFFFF\u00bb text_font_size=\u00bb28px\u00bb text_line_height=\u00bb1.6em\u00bb link_text_color=\u00bb#0F1154&#8243; header_font=\u00bbMontserrat|700|||||||\u00bb header_text_color=\u00bb#0F1154&#8243; header_font_size=\u00bb125px\u00bb header_line_height=\u00bb110%\u00bb header_2_font=\u00bbMontserrat|600|||||||\u00bb header_2_text_color=\u00bb#0F1154&#8243; header_2_font_size=\u00bb70px\u00bb header_2_line_height=\u00bb120%\u00bb header_3_font=\u00bbMontserrat|600|||||||\u00bb header_3_text_color=\u00bb#0F1154&#8243; header_3_font_size=\u00bb40px\u00bb header_3_line_height=\u00bb140%\u00bb header_4_font=\u00bbMontserrat|700|||||||\u00bb header_4_text_color=\u00bb#000000&#8243; header_4_font_size=\u00bb28px\u00bb header_4_line_height=\u00bb1.6em\u00bb header_5_font=\u00bbMontserrat|700|||||||\u00bb header_5_text_color=\u00bb#0F1154&#8243; header_5_font_size=\u00bb18px\u00bb header_5_line_height=\u00bb150%\u00bb header_6_font=\u00bbMontserrat||||||||\u00bb header_6_text_color=\u00bb#0F1154&#8243; text_font_size_tablet=\u00bb20px\u00bb text_font_size_phone=\u00bb16px\u00bb text_font_size_last_edited=\u00bbon|tablet\u00bb header_font_size_tablet=\u00bb40px\u00bb header_font_size_phone=\u00bb24px\u00bb header_font_size_last_edited=\u00bbon|tablet\u00bb header_2_font_size_tablet=\u00bb30px\u00bb header_2_font_size_phone=\u00bb20px\u00bb header_2_font_size_last_edited=\u00bbon|tablet\u00bb header_3_font_size_tablet=\u00bb20px\u00bb header_3_font_size_phone=\u00bb16px\u00bb header_3_font_size_last_edited=\u00bbon|tablet\u00bb header_4_font_size_tablet=\u00bb22px\u00bb header_4_font_size_phone=\u00bb16px\u00bb header_4_font_size_last_edited=\u00bbon|phone\u00bb header_5_font_size_tablet=\u00bb16px\u00bb header_5_font_size_phone=\u00bb14px\u00bb header_5_font_size_last_edited=\u00bbon|tablet\u00bb global_colors_info=\u00bb{}\u00bb]<\/p>\n<p>56 1109 8065<\/p>\n<p>[\/et_pb_text][et_pb_text _builder_version=\u00bb4.27.4&#8243; _module_preset=\u00bba751df79-3e8e-4693-a7d6-736a96115ddf\u00bb text_font=\u00bbMontserrat|700|||||||\u00bb text_text_color=\u00bb#FFFFFF\u00bb text_font_size=\u00bb21px\u00bb text_line_height=\u00bb1.6em\u00bb link_text_color=\u00bb#0F1154&#8243; header_font=\u00bbMontserrat|700|||||||\u00bb header_text_color=\u00bb#0F1154&#8243; header_font_size=\u00bb125px\u00bb header_line_height=\u00bb110%\u00bb header_2_font=\u00bbMontserrat|600|||||||\u00bb header_2_text_color=\u00bb#0F1154&#8243; header_2_font_size=\u00bb70px\u00bb header_2_line_height=\u00bb120%\u00bb header_3_font=\u00bbMontserrat|600|||||||\u00bb header_3_text_color=\u00bb#0F1154&#8243; header_3_font_size=\u00bb40px\u00bb header_3_line_height=\u00bb140%\u00bb header_4_font=\u00bbMontserrat|700|||||||\u00bb header_4_text_color=\u00bb#000000&#8243; header_4_font_size=\u00bb28px\u00bb header_4_line_height=\u00bb1.6em\u00bb header_5_font=\u00bbMontserrat|700|||||||\u00bb header_5_text_color=\u00bb#0F1154&#8243; header_5_font_size=\u00bb18px\u00bb header_5_line_height=\u00bb150%\u00bb header_6_font=\u00bbMontserrat||||||||\u00bb header_6_text_color=\u00bb#0F1154&#8243; text_font_size_tablet=\u00bb20px\u00bb text_font_size_phone=\u00bb14px\u00bb text_font_size_last_edited=\u00bbon|tablet\u00bb header_font_size_tablet=\u00bb40px\u00bb header_font_size_phone=\u00bb24px\u00bb header_font_size_last_edited=\u00bbon|tablet\u00bb header_2_font_size_tablet=\u00bb30px\u00bb header_2_font_size_phone=\u00bb20px\u00bb header_2_font_size_last_edited=\u00bbon|tablet\u00bb header_3_font_size_tablet=\u00bb20px\u00bb header_3_font_size_phone=\u00bb16px\u00bb header_3_font_size_last_edited=\u00bbon|tablet\u00bb header_4_font_size_tablet=\u00bb22px\u00bb header_4_font_size_phone=\u00bb16px\u00bb header_4_font_size_last_edited=\u00bbon|phone\u00bb header_5_font_size_tablet=\u00bb16px\u00bb header_5_font_size_phone=\u00bb14px\u00bb header_5_font_size_last_edited=\u00bbon|tablet\u00bb global_colors_info=\u00bb{}\u00bb]<\/p>\n<p><span style=\"color: #ffffff;\">nallely.sandoval@arrendaclick.mx<\/span><\/p>\n<p>[\/et_pb_text][et_pb_text _builder_version=\u00bb4.27.4&#8243; _module_preset=\u00bb596f4725-1c36-45b8-8f21-69157f74cf89&#8243; text_font=\u00bbRoboto|500|||||||\u00bb text_text_color=\u00bb#FFFFFF\u00bb text_font_size=\u00bb18px\u00bb text_line_height=\u00bb180%\u00bb text_font_size_tablet=\u00bb\u00bb text_font_size_phone=\u00bb14px\u00bb text_font_size_last_edited=\u00bbon|phone\u00bb global_colors_info=\u00bb{}\u00bb]<\/p>\n<div jstcache=\"24\" class=\"place-name\" jsan=\"7.place-name\">Torre Mural Bestel<\/div>\n<div jstcache=\"25\" class=\"address\" jsan=\"7.address\">Av. Insurgentes Sur 1605, San Jos\u00e9 Insurgentes, Benito Ju\u00e1rez, 03900 Ciudad de M\u00e9xico, CDMX<\/div>\n<p>[\/et_pb_text][\/et_pb_column][\/et_pb_row][\/et_pb_section]<\/p>\n","protected":false},"excerpt":{"rendered":"<p>VentajasReales para tu empresaHasta 100% deducible en impuestosNo se registra como pasivo en tu balanceNo descapitaliza tu empresaMejora tu flujo de efectivoSimplifica la planeaci\u00f3n financiera y fiscalFacilita la renovaci\u00f3n tecnol\u00f3gica y vehicularEl arrendamiento puro no es solo una forma de adquirir veh\u00edculos o activos. Es una estrategia inteligente para optimizar tus finanzas, crecer con orden [&hellip;]<\/p>\n","protected":false},"author":1,"featured_media":0,"parent":0,"menu_order":0,"comment_status":"closed","ping_status":"closed","template":"","meta":{"_et_pb_use_builder":"on","_et_pb_old_content":"","_et_gb_content_width":"","_joinchat":[],"footnotes":""},"class_list":["post-549","page","type-page","status-publish","hentry"],"_links":{"self":[{"href":"https:\/\/arrendaclick.mx\/index.php\/wp-json\/wp\/v2\/pages\/549","targetHints":{"allow":["GET"]}}],"collection":[{"href":"https:\/\/arrendaclick.mx\/index.php\/wp-json\/wp\/v2\/pages"}],"about":[{"href":"https:\/\/arrendaclick.mx\/index.php\/wp-json\/wp\/v2\/types\/page"}],"author":[{"embeddable":true,"href":"https:\/\/arrendaclick.mx\/index.php\/wp-json\/wp\/v2\/users\/1"}],"replies":[{"embeddable":true,"href":"https:\/\/arrendaclick.mx\/index.php\/wp-json\/wp\/v2\/comments?post=549"}],"version-history":[{"count":10,"href":"https:\/\/arrendaclick.mx\/index.php\/wp-json\/wp\/v2\/pages\/549\/revisions"}],"predecessor-version":[{"id":608,"href":"https:\/\/arrendaclick.mx\/index.php\/wp-json\/wp\/v2\/pages\/549\/revisions\/608"}],"wp:attachment":[{"href":"https:\/\/arrendaclick.mx\/index.php\/wp-json\/wp\/v2\/media?parent=549"}],"curies":[{"name":"wp","href":"https:\/\/api.w.org\/{rel}","templated":true}]}}